{"id":649,"date":"2018-06-07T16:35:03","date_gmt":"2018-06-07T19:35:03","guid":{"rendered":"http:\/\/www.encontrateresina.com\/sobre\/?page_id=649"},"modified":"2019-05-01T11:56:38","modified_gmt":"2019-05-01T14:56:38","slug":"riverside-teresina-2","status":"publish","type":"page","link":"https:\/\/www.encontrateresina.com\/sobre\/riverside-teresina-2\/","title":{"rendered":"Riverside Teresina"},"content":{"rendered":"<div class=\"0a7f0342045e68db0e2c8d55d9616140\" data-index=\"1\" style=\"float: left; margin: 15px 15px 15px 0;\">\n<!-- EBR \/Novo-Bairro-Topo\/ 300x250 -->\r\n<ins class=\"adsbygoogle\"\r\n     style=\"display:inline-block;width:300px;height:250px\"\r\n     data-ad-client=\"ca-pub-6414922941841817\"\r\n     data-ad-slot=\"5351822287\"><\/ins>\r\n<script>\r\n(adsbygoogle = window.adsbygoogle || []).push({});\r\n<\/script>\n<\/div>\n<p>O <strong>Riverside Teresina<\/strong> faz parte da hist\u00f3ria de Teresina h\u00e1 mais de 20 anos. Com um amplo mix de lojas o Riverside Shopping oferece a seus clientes o que h\u00e1 de melhor em vestu\u00e1rio, perfumaria, cal\u00e7ados, eletr\u00f4nicos entre outros seguimentos.<\/p>\n<p>Com uma arquitetura diferenciada, o Riverside Shopping proporciona aos visitantes uma sensa\u00e7\u00e3o agrad\u00e1vel de bem estar em suas belas pra\u00e7as e jardins ao ar livre.<\/p>\n<p><img decoding=\"async\" loading=\"lazy\" class=\"alignnone wp-image-648 size-full\" title=\"Riverside Teresina\" src=\"http:\/\/www.encontrateresina.com\/sobre\/wp-content\/uploads\/2018\/06\/riverside-teresina.jpg\" alt=\"Riverside Teresina\" width=\"680\" height=\"189\" srcset=\"https:\/\/www.encontrateresina.com\/sobre\/wp-content\/uploads\/2018\/06\/riverside-teresina.jpg 680w, https:\/\/www.encontrateresina.com\/sobre\/wp-content\/uploads\/2018\/06\/riverside-teresina-300x83.jpg 300w\" sizes=\"(max-width: 680px) 100vw, 680px\" \/><\/p>\n<p>O Riverside Shopping disp\u00f5e tamb\u00e9m de um amplo estacionamento e uma equipe dedicada ao atendimento, prezando sempre pelo conforto, comodidade e seguran\u00e7a de nossos clientes. Inaugurado em 12 de dezembro de 1996 o Riverside Shopping \u00e9 desde ent\u00e3o o local preferido do p\u00fablico para fazer compras.<\/p>\n<h2>Riverside Teresina Cinema<\/h2>\n<p>Conta com 3 salas tradicionais de <em>cinema<\/em>, com filmes para toda a fam\u00edlia, promo\u00e7\u00f5es e ingressos no local.<\/p>\n<h3>Riverside Teresina Boliche<\/h3>\n<p>Tem uma <em>pista de boliche<\/em> que vale apena conhecer, o pre\u00e7o \u00e9 bom, tem dias promocionais, \u00f3timo programa familiar.<\/p>\n<h3>Riverside Teresina Academia<\/h3>\n<p>A Selfit Academias \u00e9 a <em>academia<\/em> que mais cresce no Brasil com planos a partir de R$ 59,90 mensais.<br \/>\nLocalizada dentro so Riverside Shopping conta com equipamentos modernos e professores certificados. Ades\u00e3o f\u00e1cil e r\u00e1pida.<\/p>\n<h3>Hor\u00e1rio de Funcionamento Riverside Teresina<\/h3>\n<ul>\n<li>Segunda a s\u00e1bado das 10h \u00e1s 22h \/ Domingo das 14h \u00e1s 20h<\/li>\n<\/ul>\n<h3>Onde Fica, Endere\u00e7o e Telefone Riverside Teresina<\/h3>\n<ul>\n<li>Avenida Ininga, 1201 &#8211; Joquei Clube &#8211; Teresina &#8211; PI<\/li>\n<li>Telefone: (86) 3230-2030<\/li>\n<\/ul>\n<h4>Outras informa\u00e7\u00f5es e site<\/h4>\n<ul>\n<li>Mais informa\u00e7\u00f5es: <a href=\"https:\/\/www.shoppingriverside.com\/\" target=\"_blank\" rel=\"noopener noreferrer\">www.shoppingriverside.com<\/a><\/li>\n<\/ul>\n<h4>Mapa de localiza\u00e7\u00e3o<\/h4>\n<a class=\"wp-colorbox-iframe\" href=\"https:\/\/www.google.com\/maps\/embed?pb=!1m18!1m12!1m3!1d7948.300671233724!2d-42.799841559406595!3d-5.079370179287847!2m3!1f0!2f0!3f0!3m2!1i1024!2i768!4f13.1!3m3!1m2!1s0x78e39f20235cb570x25023f880cbae283!2sRiverside+Shopping!5e0!3m2!1spt-BR!2sbr!4v1528379511959\"><img src=\"http:\/\/www.encontrabelohorizonte.com.br\/imgs\/maps-post.png\"><\/a>\n\n<div style=\"font-size: 0px; height: 0px; line-height: 0px; margin: 0; padding: 0; clear: both;\"><\/div>","protected":false},"excerpt":{"rendered":"<p>O Riverside Teresina faz parte da hist\u00f3ria de Teresina h\u00e1 mais de 20 anos. Com um amplo mix de lojas o Riverside Shopping oferece a seus clientes o que h\u00e1 de melhor em vestu\u00e1rio, perfumaria, cal\u00e7ados, eletr\u00f4nicos entre outros seguimentos. Com uma arquitetura diferenciada, o Riverside Shopping proporciona aos visitantes uma sensa\u00e7\u00e3o agrad\u00e1vel de bem estar em suas belas pra\u00e7as e jardins ao ar livre. O Riverside Shopping disp\u00f5e tamb\u00e9m de um amplo estacionamento e uma equipe dedicada ao atendimento, prezando sempre pelo conforto, comodidade e seguran\u00e7a de nossos clientes. Inaugurado em 12 de dezembro de 1996 o Riverside Shopping <\/p>\n","protected":false},"author":1,"featured_media":0,"parent":0,"menu_order":0,"comment_status":"closed","ping_status":"closed","template":"","meta":[],"aioseo_notices":[],"_links":{"self":[{"href":"https:\/\/www.encontrateresina.com\/sobre\/wp-json\/wp\/v2\/pages\/649"}],"collection":[{"href":"https:\/\/www.encontrateresina.com\/sobre\/wp-json\/wp\/v2\/pages"}],"about":[{"href":"https:\/\/www.encontrateresina.com\/sobre\/wp-json\/wp\/v2\/types\/page"}],"author":[{"embeddable":true,"href":"https:\/\/www.encontrateresina.com\/sobre\/wp-json\/wp\/v2\/users\/1"}],"replies":[{"embeddable":true,"href":"https:\/\/www.encontrateresina.com\/sobre\/wp-json\/wp\/v2\/comments?post=649"}],"version-history":[{"count":0,"href":"https:\/\/www.encontrateresina.com\/sobre\/wp-json\/wp\/v2\/pages\/649\/revisions"}],"wp:attachment":[{"href":"https:\/\/www.encontrateresina.com\/sobre\/wp-json\/wp\/v2\/media?parent=649"}],"curies":[{"name":"wp","href":"https:\/\/api.w.org\/{rel}","templated":true}]}}